{"id":18190,"date":"2026-03-26T17:12:53","date_gmt":"2026-03-26T16:12:53","guid":{"rendered":"https:\/\/markus-guentner.de\/kunden\/?page_id=18190"},"modified":"2026-03-31T15:19:20","modified_gmt":"2026-03-31T13:19:20","slug":"impressum","status":"publish","type":"page","link":"https:\/\/markus-guentner.de\/kunden\/impressum\/","title":{"rendered":"Impressum"},"content":{"rendered":"<div id='av_section_1'  class='avia-section av-pvy78u-5cf6ad415447fe544ddf120606aa9a95 main_color avia-section-default avia-no-border-styling  avia-builder-el-0  avia-builder-el-no-sibling  avia-bg-style-scroll container_wrap fullsize'  ><div class='container av-section-cont-open' ><main  role=\"main\" itemprop=\"mainContentOfPage\"  class='template-page content  av-content-full alpha units'><div class='post-entry post-entry-type-page post-entry-18190'><div class='entry-content-wrapper clearfix'>\n<div  class='flex_column av-wp07u6-a08fd55cdb82227f6fb8299367e49c34 av_two_third  avia-builder-el-1  avia-builder-el-no-sibling  first flex_column_div  '     ><p>\n<style type=\"text\/css\" data-created_by=\"avia_inline_auto\" id=\"style-css-av-bbmnz0-f721faded7ea36b8384eeef5a0cd930f\">\n#top .av-special-heading.av-bbmnz0-f721faded7ea36b8384eeef5a0cd930f{\npadding-bottom:0;\nfont-size:45px;\n}\nbody .av-special-heading.av-bbmnz0-f721faded7ea36b8384eeef5a0cd930f .av-special-heading-tag .heading-char{\nfont-size:25px;\n}\n#top #wrap_all .av-special-heading.av-bbmnz0-f721faded7ea36b8384eeef5a0cd930f .av-special-heading-tag{\nfont-size:45px;\n}\n.av-special-heading.av-bbmnz0-f721faded7ea36b8384eeef5a0cd930f .av-subheading{\nfont-size:15px;\n}\n\n@media only screen and (min-width: 480px) and (max-width: 767px){ \n#top #wrap_all .av-special-heading.av-bbmnz0-f721faded7ea36b8384eeef5a0cd930f .av-special-heading-tag{\nfont-size:0.8em;\n}\n}\n\n@media only screen and (max-width: 479px){ \n#top #wrap_all .av-special-heading.av-bbmnz0-f721faded7ea36b8384eeef5a0cd930f .av-special-heading-tag{\nfont-size:0.8em;\n}\n}\n<\/style>\n<div  class='av-special-heading av-bbmnz0-f721faded7ea36b8384eeef5a0cd930f av-special-heading-h1 blockquote modern-quote  avia-builder-el-2  el_before_av_hr  avia-builder-el-first  av-inherit-size'><h1 class='av-special-heading-tag '  itemprop=\"headline\"  >Impressum<\/h1><div class=\"special-heading-border\"><div class=\"special-heading-inner-border\"><\/div><\/div><\/div><br \/>\n\n<style type=\"text\/css\" data-created_by=\"avia_inline_auto\" id=\"style-css-av-b8bgb0-d0a4bd86895be7d4ec8e9bce97f6e856\">\n#top .hr.av-b8bgb0-d0a4bd86895be7d4ec8e9bce97f6e856{\nmargin-top:30px;\nmargin-bottom:30px;\n}\n.hr.av-b8bgb0-d0a4bd86895be7d4ec8e9bce97f6e856 .hr-inner{\nwidth:50px;\nborder-color:#0a0a0a;\n}\n<\/style>\n<div  class='hr av-b8bgb0-d0a4bd86895be7d4ec8e9bce97f6e856 hr-custom  avia-builder-el-3  el_after_av_heading  el_before_av_textblock  hr-left hr-icon-no'><span class='hr-inner inner-border-av-border-fat'><span class=\"hr-inner-style\"><\/span><\/span><\/div><br \/>\n\n<style type=\"text\/css\" data-created_by=\"avia_inline_auto\" id=\"style-css-av-b1cpas-6309a6b8381c2783f3158d6e8792e29d\">\n#top .av_textblock_section.av-b1cpas-6309a6b8381c2783f3158d6e8792e29d .avia_textblock{\nfont-size:15px;\ncolor:#000000;\n}\n<\/style>\n<section  class='av_textblock_section av-b1cpas-6309a6b8381c2783f3158d6e8792e29d '   itemscope=\"itemscope\" itemtype=\"https:\/\/schema.org\/CreativeWork\" ><div class='avia_textblock av_inherit_color'  itemprop=\"text\" ><p><strong>Angaben gem\u00e4\u00df \u00a7 5 TMG<\/strong><br \/>\nEveline Schmuck<br \/>\nScharnhorststra\u00dfe 16<br \/>\n93049 Regensburg<\/p>\n<p><strong>Kontakt<\/strong><br \/>\nTelefon: +49 (163) 351 987 56<br \/>\nTelefax: +49 (0) 123 44 55 99<br \/>\nE-Mail: info@schmuck-systemisch.de<\/p>\n<p>Ich arbeite ausschlie\u00dflich nach vorheriger Terminvereinbarung und halte mir die Zeit f\u00fcr den mit Ihnen vereinbarten Termin exklusiv f\u00fcr Sie frei. Ausfallende Termine lassen sich bei kurzfristen Absagen in der Regel nicht neu vergeben. Sollten Sie eine Sitzung nicht wahrnehmen k\u00f6nnen, bitte ich Sie daher um eine fr\u00fchzeitige Terminabsage. Erfolgt die Absage erst innerhalb von 24 Stunden vor dem vereinbarten Termin, wird Ihnen ein Ausfallhonorar in Rechnung gestellt.<\/p>\n<p><strong>Verbraucher\u00adstreit\u00adbeilegung\/Universal\u00adschlichtungs\u00adstelle<\/strong><br \/>\nWir sind nicht bereit oder verpflichtet, an Streitbeilegungsverfahren vor einer Verbraucherschlichtungsstelle teilzunehmen.<\/p>\n<p>Quelle: eRecht24<\/p>\n<\/div><\/section><\/p><\/div>\n","protected":false},"excerpt":{"rendered":"","protected":false},"author":1,"featured_media":0,"parent":0,"menu_order":0,"comment_status":"closed","ping_status":"closed","template":"","meta":{"footnotes":""},"class_list":["post-18190","page","type-page","status-publish","hentry"],"_links":{"self":[{"href":"https:\/\/markus-guentner.de\/kunden\/wp-json\/wp\/v2\/pages\/18190","targetHints":{"allow":["GET"]}}],"collection":[{"href":"https:\/\/markus-guentner.de\/kunden\/wp-json\/wp\/v2\/pages"}],"about":[{"href":"https:\/\/markus-guentner.de\/kunden\/wp-json\/wp\/v2\/types\/page"}],"author":[{"embeddable":true,"href":"https:\/\/markus-guentner.de\/kunden\/wp-json\/wp\/v2\/users\/1"}],"replies":[{"embeddable":true,"href":"https:\/\/markus-guentner.de\/kunden\/wp-json\/wp\/v2\/comments?post=18190"}],"version-history":[{"count":6,"href":"https:\/\/markus-guentner.de\/kunden\/wp-json\/wp\/v2\/pages\/18190\/revisions"}],"predecessor-version":[{"id":18362,"href":"https:\/\/markus-guentner.de\/kunden\/wp-json\/wp\/v2\/pages\/18190\/revisions\/18362"}],"wp:attachment":[{"href":"https:\/\/markus-guentner.de\/kunden\/wp-json\/wp\/v2\/media?parent=18190"}],"curies":[{"name":"wp","href":"https:\/\/api.w.org\/{rel}","templated":true}]}}