{"id":18182,"date":"2026-03-26T17:12:17","date_gmt":"2026-03-26T16:12:17","guid":{"rendered":"https:\/\/markus-guentner.de\/kunden\/?page_id=18182"},"modified":"2026-03-27T12:41:46","modified_gmt":"2026-03-27T11:41:46","slug":"honorar","status":"publish","type":"page","link":"https:\/\/markus-guentner.de\/kunden\/honorar\/","title":{"rendered":"Honorar"},"content":{"rendered":"<div id='av_section_1'  class='avia-section av-2ozkz6u-4ccb0c75e205e6d38bc9efe5e14160e4 main_color avia-section-large avia-no-border-styling  avia-builder-el-0  avia-builder-el-no-sibling  avia-bg-style-scroll container_wrap fullsize'  ><div class='container av-section-cont-open' ><main  role=\"main\" itemprop=\"mainContentOfPage\"  class='template-page content  av-content-full alpha units'><div class='post-entry post-entry-type-page post-entry-18182'><div class='entry-content-wrapper clearfix'>\n<div  class='flex_column av-7221uu-f8d782b563718570ecf4c90f0cfb1fe1 av_one_full  avia-builder-el-1  el_before_av_one_half  avia-builder-el-first  first flex_column_div  '     ><p>\n<style type=\"text\/css\" data-created_by=\"avia_inline_auto\" id=\"style-css-av-bbmnz0-38ed2b587abcc6272d944eb619505b2d\">\n#top .av-special-heading.av-bbmnz0-38ed2b587abcc6272d944eb619505b2d{\npadding-bottom:0;\nfont-size:45px;\n}\nbody .av-special-heading.av-bbmnz0-38ed2b587abcc6272d944eb619505b2d .av-special-heading-tag .heading-char{\nfont-size:25px;\n}\n#top #wrap_all .av-special-heading.av-bbmnz0-38ed2b587abcc6272d944eb619505b2d .av-special-heading-tag{\nfont-size:45px;\n}\n.av-special-heading.av-bbmnz0-38ed2b587abcc6272d944eb619505b2d .av-subheading{\nfont-size:15px;\n}\n\n@media only screen and (min-width: 480px) and (max-width: 767px){ \n#top #wrap_all .av-special-heading.av-bbmnz0-38ed2b587abcc6272d944eb619505b2d .av-special-heading-tag{\nfont-size:0.8em;\n}\n}\n\n@media only screen and (max-width: 479px){ \n#top #wrap_all .av-special-heading.av-bbmnz0-38ed2b587abcc6272d944eb619505b2d .av-special-heading-tag{\nfont-size:0.8em;\n}\n}\n<\/style>\n<div  class='av-special-heading av-bbmnz0-38ed2b587abcc6272d944eb619505b2d av-special-heading-h1 blockquote modern-quote  avia-builder-el-2  el_before_av_hr  avia-builder-el-first  av-inherit-size'><h1 class='av-special-heading-tag '  itemprop=\"headline\"  >Honorar und<br \/>\nRahmenbedingungen<\/h1><div class=\"special-heading-border\"><div class=\"special-heading-inner-border\"><\/div><\/div><\/div><br \/>\n\n<style type=\"text\/css\" data-created_by=\"avia_inline_auto\" id=\"style-css-av-mn8tzpjk-d1e1d9b218017505bb3f41aa36855de7\">\n#top .hr.hr-invisible.av-mn8tzpjk-d1e1d9b218017505bb3f41aa36855de7{\nheight:25px;\n}\n<\/style>\n<div  class='hr av-mn8tzpjk-d1e1d9b218017505bb3f41aa36855de7 hr-invisible  avia-builder-el-3  el_after_av_heading  avia-builder-el-last '><span class='hr-inner '><span class=\"hr-inner-style\"><\/span><\/span><\/div><\/p><\/div><div  class='flex_column av-1lhgzmu-c00d3bf6d346c00b591db34df2367200 av_one_half  avia-builder-el-4  el_after_av_one_full  el_before_av_one_half  first flex_column_div  column-top-margin'     ><style type=\"text\/css\" data-created_by=\"avia_inline_auto\" id=\"style-css-av-b1cpas-ecd735ac13dc7c8d659965b53bd37a0d\">\n#top .av_textblock_section.av-b1cpas-ecd735ac13dc7c8d659965b53bd37a0d .avia_textblock{\nfont-size:15px;\ncolor:#97b9a8;\n}\n<\/style>\n<section  class='av_textblock_section av-b1cpas-ecd735ac13dc7c8d659965b53bd37a0d '   itemscope=\"itemscope\" itemtype=\"https:\/\/schema.org\/CreativeWork\" ><div class='avia_textblock av_inherit_color'  itemprop=\"text\" ><h2>Einzeltherapie\/ Paartherapie<\/h2>\n<\/div><\/section><br \/>\n\n<style type=\"text\/css\" data-created_by=\"avia_inline_auto\" id=\"style-css-av-mn8ty4w7-09cffd4b4433625ffaba7feecbadd5c0\">\n#top .hr.av-mn8ty4w7-09cffd4b4433625ffaba7feecbadd5c0{\nmargin-top:10px;\nmargin-bottom:30px;\n}\n.hr.av-mn8ty4w7-09cffd4b4433625ffaba7feecbadd5c0 .hr-inner{\nwidth:100%;\nborder-color:#97b9a8;\n}\n<\/style>\n<div  class='hr av-mn8ty4w7-09cffd4b4433625ffaba7feecbadd5c0 hr-custom  avia-builder-el-6  el_after_av_textblock  el_before_av_textblock  hr-left hr-icon-no'><span class='hr-inner inner-border-av-border-thin'><span class=\"hr-inner-style\"><\/span><\/span><\/div><br \/>\n\n<style type=\"text\/css\" data-created_by=\"avia_inline_auto\" id=\"style-css-av-mn8txpgr-03b327cbeeab91f5179c6e40ec27cad9\">\n#top .av_textblock_section.av-mn8txpgr-03b327cbeeab91f5179c6e40ec27cad9 .avia_textblock{\nfont-size:15px;\ncolor:#000000;\n}\n<\/style>\n<section  class='av_textblock_section av-mn8txpgr-03b327cbeeab91f5179c6e40ec27cad9 '   itemscope=\"itemscope\" itemtype=\"https:\/\/schema.org\/CreativeWork\" ><div class='avia_textblock av_inherit_color'  itemprop=\"text\" ><p>Honorar: 100 \u20ac \/ 60 Minuten<\/p>\n<p>Termine nach Vereinbarung<\/p>\n<p><strong>Hinweise<\/strong><\/p>\n<ul>\n<li>Die Angebote sind Selbstzahlerleistungen<\/li>\n<li>Eine Abrechnung \u00fcber Krankenkassen ist nicht m\u00f6glich.<\/li>\n<\/ul>\n<\/div><\/section><\/p><\/div><div  class='flex_column av-1605492-ccd8eed936424a62a40eaf07bc97c9b2 av_one_half  avia-builder-el-8  el_after_av_one_half  el_before_av_one_full  flex_column_div  column-top-margin'     ><style type=\"text\/css\" data-created_by=\"avia_inline_auto\" id=\"style-css-av-mn8tnygi-efab311ef20744b2b9095bb2cb2bb39e\">\n#top .av_textblock_section.av-mn8tnygi-efab311ef20744b2b9095bb2cb2bb39e .avia_textblock{\nfont-size:15px;\ncolor:#97b9a8;\n}\n<\/style>\n<section  class='av_textblock_section av-mn8tnygi-efab311ef20744b2b9095bb2cb2bb39e '   itemscope=\"itemscope\" itemtype=\"https:\/\/schema.org\/CreativeWork\" ><div class='avia_textblock av_inherit_color'  itemprop=\"text\" ><h2>Supervision und Coaching<\/h2>\n<\/div><\/section><br \/>\n\n<style type=\"text\/css\" data-created_by=\"avia_inline_auto\" id=\"style-css-av-av_hr-57610dec9bb198d1b45bf59de89df519\">\n#top .hr.av-av_hr-57610dec9bb198d1b45bf59de89df519{\nmargin-top:10px;\nmargin-bottom:30px;\n}\n.hr.av-av_hr-57610dec9bb198d1b45bf59de89df519 .hr-inner{\nwidth:100%;\nborder-color:#97b9a8;\n}\n<\/style>\n<div  class='hr av-av_hr-57610dec9bb198d1b45bf59de89df519 hr-custom  avia-builder-el-10  el_after_av_textblock  el_before_av_textblock  hr-left hr-icon-no'><span class='hr-inner inner-border-av-border-thin'><span class=\"hr-inner-style\"><\/span><\/span><\/div><br \/>\n\n<style type=\"text\/css\" data-created_by=\"avia_inline_auto\" id=\"style-css-av-mn8txlug-c73e175c3b7922f8e1e947acf9009c5c\">\n#top .av_textblock_section.av-mn8txlug-c73e175c3b7922f8e1e947acf9009c5c .avia_textblock{\nfont-size:15px;\ncolor:#000000;\n}\n<\/style>\n<section  class='av_textblock_section av-mn8txlug-c73e175c3b7922f8e1e947acf9009c5c '   itemscope=\"itemscope\" itemtype=\"https:\/\/schema.org\/CreativeWork\" ><div class='avia_textblock av_inherit_color'  itemprop=\"text\" ><p>Honorar auf Anfrage<\/p>\n<p>Dauer und Frequenz je nach Vereinbarung<\/p>\n<ul>\n<li>Einzel-, Team- und Gruppensettings m\u00f6glich<\/li>\n<li>Coaching f\u00fcr F\u00fchrungskr\u00e4fte oder Mitarbeitende<\/li>\n<\/ul>\n<\/div><\/section><\/p><\/div><div  class='flex_column av-ivxeva-919c37351ba2f0ce24f1c275b5fd9a22 av_one_full  avia-builder-el-12  el_after_av_one_half  avia-builder-el-last  first flex_column_div  column-top-margin'     ><style type=\"text\/css\" data-created_by=\"avia_inline_auto\" id=\"style-css-av-mn8to92v-8a95ca69533a98238725497fa4eb0b49\">\n#top .av_textblock_section.av-mn8to92v-8a95ca69533a98238725497fa4eb0b49 .avia_textblock{\nfont-size:15px;\ncolor:#000000;\n}\n<\/style>\n<section  class='av_textblock_section av-mn8to92v-8a95ca69533a98238725497fa4eb0b49 '   itemscope=\"itemscope\" itemtype=\"https:\/\/schema.org\/CreativeWork\" ><div class='avia_textblock av_inherit_color'  itemprop=\"text\" ><p>Ich arbeite ausschlie\u00dflich nach vorheriger Terminvereinbarung und halte mir die Zeit f\u00fcr den mit Ihnen vereinbarten Termin exklusiv f\u00fcr Sie frei. Ausfallende Termine lassen sich bei kurzfristen Absagen in der Regel nicht neu vergeben. Sollten Sie eine Sitzung nicht wahrnehmen k\u00f6nnen, bitte ich Sie daher um eine fr\u00fchzeitige Terminabsage. Erfolgt die Absage erst innerhalb von 24 Stunden vor dem vereinbarten Termin, wird Ihnen ein Ausfallhonorar in Rechnung gestellt.<\/p>\n<\/div><\/section><\/div>\n","protected":false},"excerpt":{"rendered":"","protected":false},"author":1,"featured_media":0,"parent":0,"menu_order":0,"comment_status":"closed","ping_status":"closed","template":"","meta":{"footnotes":""},"class_list":["post-18182","page","type-page","status-publish","hentry"],"_links":{"self":[{"href":"https:\/\/markus-guentner.de\/kunden\/wp-json\/wp\/v2\/pages\/18182","targetHints":{"allow":["GET"]}}],"collection":[{"href":"https:\/\/markus-guentner.de\/kunden\/wp-json\/wp\/v2\/pages"}],"about":[{"href":"https:\/\/markus-guentner.de\/kunden\/wp-json\/wp\/v2\/types\/page"}],"author":[{"embeddable":true,"href":"https:\/\/markus-guentner.de\/kunden\/wp-json\/wp\/v2\/users\/1"}],"replies":[{"embeddable":true,"href":"https:\/\/markus-guentner.de\/kunden\/wp-json\/wp\/v2\/comments?post=18182"}],"version-history":[{"count":11,"href":"https:\/\/markus-guentner.de\/kunden\/wp-json\/wp\/v2\/pages\/18182\/revisions"}],"predecessor-version":[{"id":18225,"href":"https:\/\/markus-guentner.de\/kunden\/wp-json\/wp\/v2\/pages\/18182\/revisions\/18225"}],"wp:attachment":[{"href":"https:\/\/markus-guentner.de\/kunden\/wp-json\/wp\/v2\/media?parent=18182"}],"curies":[{"name":"wp","href":"https:\/\/api.w.org\/{rel}","templated":true}]}}